{"id":885,"date":"2023-03-22T21:04:00","date_gmt":"2023-03-22T21:04:00","guid":{"rendered":"https:\/\/cpcervantes.es\/?page_id=885"},"modified":"2023-09-20T11:04:10","modified_gmt":"2023-09-20T11:04:10","slug":"impresos","status":"publish","type":"page","link":"https:\/\/cpcervantes.es\/?page_id=885","title":{"rendered":"IMPRESOS"},"content":{"rendered":"\n<p>Ficha para ACTIVIDADES EXTRAESCOLARES PDM Curso 2023\/2024<\/p>\n\n\n\n<div data-wp-interactive=\"core\/file\" class=\"wp-block-file\"><object data-wp-bind--hidden=\"!state.hasPdfPreview\" hidden class=\"wp-block-file__embed\" data=\"https:\/\/cpcervantes.es\/wp-content\/uploads\/2023\/09\/PreinscripcionAEPDM.pdf\" type=\"application\/pdf\" style=\"width:100%;height:600px\" aria-label=\"Incrustado de Incrustado de PreinscripcionAEPDM..\"><\/object><a id=\"wp-block-file--media-bdc73145-3121-43ff-beb6-27fc47ac7769\" href=\"https:\/\/cpcervantes.es\/wp-content\/uploads\/2023\/09\/PreinscripcionAEPDM.pdf\">PreinscripcionAEPDM<\/a><a href=\"https:\/\/cpcervantes.es\/wp-content\/uploads\/2023\/09\/PreinscripcionAEPDM.pdf\" class=\"wp-block-file__button\" download aria-describedby=\"wp-block-file--media-bdc73145-3121-43ff-beb6-27fc47ac7769\">Descarga<\/a><\/div>\n\n\n\n<p>Documentaci\u00f3n para formalizaci\u00f3n de matr\u00edcula en centros no adscritos.<\/p>\n\n\n\n<div class=\"wp-block-file\"><a id=\"wp-block-file--media-9d425b8e-4f80-456e-b9d8-a819abd85e02\" href=\"https:\/\/cpcervantes.es\/wp-content\/uploads\/2023\/04\/01._Solicitud_normalizada_20230320_145205_14612213063711153340.pdf\">Solicitud Normalizada<\/a><a href=\"https:\/\/cpcervantes.es\/wp-content\/uploads\/2023\/04\/01._Solicitud_normalizada_20230320_145205_14612213063711153340.pdf\" class=\"wp-block-file__button\" download aria-describedby=\"wp-block-file--media-9d425b8e-4f80-456e-b9d8-a819abd85e02\">Descarga<\/a><\/div>\n\n\n\n<div class=\"wp-block-file\"><a id=\"wp-block-file--media-244e645b-f335-42ab-90dd-ce677302666c\" href=\"https:\/\/cpcervantes.es\/wp-content\/uploads\/2023\/04\/02._Anexo_autorizaciones_miembros_unidad_familiar_20230320_145249_14612212521143064637.pdf\">Anexo<\/a><a href=\"https:\/\/cpcervantes.es\/wp-content\/uploads\/2023\/04\/02._Anexo_autorizaciones_miembros_unidad_familiar_20230320_145249_14612212521143064637.pdf\" class=\"wp-block-file__button\" download aria-describedby=\"wp-block-file--media-244e645b-f335-42ab-90dd-ce677302666c\">Descarga<\/a><\/div>\n\n\n\n<p>Acceso a la Sede Electr\u00f3nica del Principado de Asturias: <a href=\"https:\/\/sede.asturias.es\/ast\/-\/dboid-6269000011774757107573?redirect=%2Fast%2Fbuscador%3F_pa_sede_buscadorgeneral_web_portlet_full_BuscadorGeneralFullPortlet_formDate%3D1681744237405%26p_r_p_searchText%3DAUTO0237T01%26p_auth%3D\" target=\"_blank\" rel=\"noreferrer noopener\">Enlace<\/a><\/p>\n\n\n\n<p>Resoluci\u00f3n que regula el proceso de admisi\u00f3n: <a href=\"https:\/\/alojaweb.educastur.es\/documents\/3909208\/4783209\/Admisi%C3%B3n+23_24pdf.pdf\/ae2e64ab-4376-4695-b9a4-864083688633\" target=\"_blank\" rel=\"noreferrer noopener\">Enlace<\/a><\/p>\n","protected":false},"excerpt":{"rendered":"<p>Ficha para ACTIVIDADES EXTRAESCOLARES PDM Curso 2023\/2024 Documentaci\u00f3n para formalizaci\u00f3n de matr\u00edcula en centros no adscritos. Acceso a la Sede Electr\u00f3nica del Principado de Asturias: Enlace Resoluci\u00f3n que regula el proceso de admisi\u00f3n: Enlace<\/p>\n","protected":false},"author":2,"featured_media":0,"parent":0,"menu_order":0,"comment_status":"closed","ping_status":"closed","template":"","meta":{"footnotes":""},"class_list":["post-885","page","type-page","status-publish","hentry"],"yoast_head":"<!-- This site is optimized with the Yoast SEO plugin v25.5 - https:\/\/yoast.com\/wordpress\/plugins\/seo\/ -->\n<title>IMPRESOS - Colegio P\u00fablico MIGUEL de CERVANTES (Gij\u00f3n)<\/title>\n<meta name=\"robots\" content=\"index, follow, max-snippet:-1, max-image-preview:large, max-video-preview:-1\" \/>\n<link rel=\"canonical\" href=\"https:\/\/cpcervantes.es\/?page_id=885\" \/>\n<meta property=\"og:locale\" content=\"es_ES\" \/>\n<meta property=\"og:type\" content=\"article\" \/>\n<meta property=\"og:title\" content=\"IMPRESOS - Colegio P\u00fablico MIGUEL de CERVANTES (Gij\u00f3n)\" \/>\n<meta property=\"og:description\" content=\"Ficha para ACTIVIDADES EXTRAESCOLARES PDM Curso 2023\/2024 Documentaci\u00f3n para formalizaci\u00f3n de matr\u00edcula en centros no adscritos. Acceso a la Sede Electr\u00f3nica del Principado de Asturias: Enlace Resoluci\u00f3n que regula el proceso de admisi\u00f3n: Enlace\" \/>\n<meta property=\"og:url\" content=\"https:\/\/cpcervantes.es\/?page_id=885\" \/>\n<meta property=\"og:site_name\" content=\"Colegio P\u00fablico MIGUEL de CERVANTES (Gij\u00f3n)\" \/>\n<meta property=\"article:publisher\" content=\"https:\/\/www.facebook.com\/CPMigueldecervantes\/\" \/>\n<meta property=\"article:modified_time\" content=\"2023-09-20T11:04:10+00:00\" \/>\n<meta name=\"twitter:card\" content=\"summary_large_image\" \/>\n<meta name=\"twitter:label1\" content=\"Tiempo de lectura\" \/>\n\t<meta name=\"twitter:data1\" content=\"1 minuto\" \/>\n<script type=\"application\/ld+json\" class=\"yoast-schema-graph\">{\"@context\":\"https:\/\/schema.org\",\"@graph\":[{\"@type\":\"WebPage\",\"@id\":\"https:\/\/cpcervantes.es\/?page_id=885\",\"url\":\"https:\/\/cpcervantes.es\/?page_id=885\",\"name\":\"IMPRESOS - Colegio P\u00fablico MIGUEL de CERVANTES (Gij\u00f3n)\",\"isPartOf\":{\"@id\":\"https:\/\/cpcervantes.es\/#website\"},\"datePublished\":\"2023-03-22T21:04:00+00:00\",\"dateModified\":\"2023-09-20T11:04:10+00:00\",\"breadcrumb\":{\"@id\":\"https:\/\/cpcervantes.es\/?page_id=885#breadcrumb\"},\"inLanguage\":\"es\",\"potentialAction\":[{\"@type\":\"ReadAction\",\"target\":[\"https:\/\/cpcervantes.es\/?page_id=885\"]}]},{\"@type\":\"BreadcrumbList\",\"@id\":\"https:\/\/cpcervantes.es\/?page_id=885#breadcrumb\",\"itemListElement\":[{\"@type\":\"ListItem\",\"position\":1,\"name\":\"Portada\",\"item\":\"https:\/\/cpcervantes.es\/\"},{\"@type\":\"ListItem\",\"position\":2,\"name\":\"IMPRESOS\"}]},{\"@type\":\"WebSite\",\"@id\":\"https:\/\/cpcervantes.es\/#website\",\"url\":\"https:\/\/cpcervantes.es\/\",\"name\":\"Colegio P\u00fablico Miguel de Cervantes\",\"description\":\"\",\"publisher\":{\"@id\":\"https:\/\/cpcervantes.es\/#organization\"},\"potentialAction\":[{\"@type\":\"SearchAction\",\"target\":{\"@type\":\"EntryPoint\",\"urlTemplate\":\"https:\/\/cpcervantes.es\/?s={search_term_string}\"},\"query-input\":{\"@type\":\"PropertyValueSpecification\",\"valueRequired\":true,\"valueName\":\"search_term_string\"}}],\"inLanguage\":\"es\"},{\"@type\":\"Organization\",\"@id\":\"https:\/\/cpcervantes.es\/#organization\",\"name\":\"Colegio P\u00fablico Miguel de Cervantes\",\"url\":\"https:\/\/cpcervantes.es\/\",\"logo\":{\"@type\":\"ImageObject\",\"inLanguage\":\"es\",\"@id\":\"https:\/\/cpcervantes.es\/#\/schema\/logo\/image\/\",\"url\":\"https:\/\/cpcervantes.es\/wp-content\/uploads\/2020\/05\/Favicon.jpg\",\"contentUrl\":\"https:\/\/cpcervantes.es\/wp-content\/uploads\/2020\/05\/Favicon.jpg\",\"width\":512,\"height\":512,\"caption\":\"Colegio P\u00fablico Miguel de Cervantes\"},\"image\":{\"@id\":\"https:\/\/cpcervantes.es\/#\/schema\/logo\/image\/\"},\"sameAs\":[\"https:\/\/www.facebook.com\/CPMigueldecervantes\/\",\"https:\/\/www.youtube.com\/channel\/UCpE7C_IYe3SmpagWMMn6PGQ\"]}]}<\/script>\n<!-- \/ Yoast SEO plugin. -->","yoast_head_json":{"title":"IMPRESOS - Colegio P\u00fablico MIGUEL de CERVANTES (Gij\u00f3n)","robots":{"index":"index","follow":"follow","max-snippet":"max-snippet:-1","max-image-preview":"max-image-preview:large","max-video-preview":"max-video-preview:-1"},"canonical":"https:\/\/cpcervantes.es\/?page_id=885","og_locale":"es_ES","og_type":"article","og_title":"IMPRESOS - Colegio P\u00fablico MIGUEL de CERVANTES (Gij\u00f3n)","og_description":"Ficha para ACTIVIDADES EXTRAESCOLARES PDM Curso 2023\/2024 Documentaci\u00f3n para formalizaci\u00f3n de matr\u00edcula en centros no adscritos. Acceso a la Sede Electr\u00f3nica del Principado de Asturias: Enlace Resoluci\u00f3n que regula el proceso de admisi\u00f3n: Enlace","og_url":"https:\/\/cpcervantes.es\/?page_id=885","og_site_name":"Colegio P\u00fablico MIGUEL de CERVANTES (Gij\u00f3n)","article_publisher":"https:\/\/www.facebook.com\/CPMigueldecervantes\/","article_modified_time":"2023-09-20T11:04:10+00:00","twitter_card":"summary_large_image","twitter_misc":{"Tiempo de lectura":"1 minuto"},"schema":{"@context":"https:\/\/schema.org","@graph":[{"@type":"WebPage","@id":"https:\/\/cpcervantes.es\/?page_id=885","url":"https:\/\/cpcervantes.es\/?page_id=885","name":"IMPRESOS - Colegio P\u00fablico MIGUEL de CERVANTES (Gij\u00f3n)","isPartOf":{"@id":"https:\/\/cpcervantes.es\/#website"},"datePublished":"2023-03-22T21:04:00+00:00","dateModified":"2023-09-20T11:04:10+00:00","breadcrumb":{"@id":"https:\/\/cpcervantes.es\/?page_id=885#breadcrumb"},"inLanguage":"es","potentialAction":[{"@type":"ReadAction","target":["https:\/\/cpcervantes.es\/?page_id=885"]}]},{"@type":"BreadcrumbList","@id":"https:\/\/cpcervantes.es\/?page_id=885#breadcrumb","itemListElement":[{"@type":"ListItem","position":1,"name":"Portada","item":"https:\/\/cpcervantes.es\/"},{"@type":"ListItem","position":2,"name":"IMPRESOS"}]},{"@type":"WebSite","@id":"https:\/\/cpcervantes.es\/#website","url":"https:\/\/cpcervantes.es\/","name":"Colegio P\u00fablico Miguel de Cervantes","description":"","publisher":{"@id":"https:\/\/cpcervantes.es\/#organization"},"potentialAction":[{"@type":"SearchAction","target":{"@type":"EntryPoint","urlTemplate":"https:\/\/cpcervantes.es\/?s={search_term_string}"},"query-input":{"@type":"PropertyValueSpecification","valueRequired":true,"valueName":"search_term_string"}}],"inLanguage":"es"},{"@type":"Organization","@id":"https:\/\/cpcervantes.es\/#organization","name":"Colegio P\u00fablico Miguel de Cervantes","url":"https:\/\/cpcervantes.es\/","logo":{"@type":"ImageObject","inLanguage":"es","@id":"https:\/\/cpcervantes.es\/#\/schema\/logo\/image\/","url":"https:\/\/cpcervantes.es\/wp-content\/uploads\/2020\/05\/Favicon.jpg","contentUrl":"https:\/\/cpcervantes.es\/wp-content\/uploads\/2020\/05\/Favicon.jpg","width":512,"height":512,"caption":"Colegio P\u00fablico Miguel de Cervantes"},"image":{"@id":"https:\/\/cpcervantes.es\/#\/schema\/logo\/image\/"},"sameAs":["https:\/\/www.facebook.com\/CPMigueldecervantes\/","https:\/\/www.youtube.com\/channel\/UCpE7C_IYe3SmpagWMMn6PGQ"]}]}},"_links":{"self":[{"href":"https:\/\/cpcervantes.es\/index.php?rest_route=\/wp\/v2\/pages\/885","targetHints":{"allow":["GET"]}}],"collection":[{"href":"https:\/\/cpcervantes.es\/index.php?rest_route=\/wp\/v2\/pages"}],"about":[{"href":"https:\/\/cpcervantes.es\/index.php?rest_route=\/wp\/v2\/types\/page"}],"author":[{"embeddable":true,"href":"https:\/\/cpcervantes.es\/index.php?rest_route=\/wp\/v2\/users\/2"}],"replies":[{"embeddable":true,"href":"https:\/\/cpcervantes.es\/index.php?rest_route=%2Fwp%2Fv2%2Fcomments&post=885"}],"version-history":[{"count":6,"href":"https:\/\/cpcervantes.es\/index.php?rest_route=\/wp\/v2\/pages\/885\/revisions"}],"predecessor-version":[{"id":1286,"href":"https:\/\/cpcervantes.es\/index.php?rest_route=\/wp\/v2\/pages\/885\/revisions\/1286"}],"wp:attachment":[{"href":"https:\/\/cpcervantes.es\/index.php?rest_route=%2Fwp%2Fv2%2Fmedia&parent=885"}],"curies":[{"name":"wp","href":"https:\/\/api.w.org\/{rel}","templated":true}]}}