{"id":882,"date":"2023-03-22T21:03:32","date_gmt":"2023-03-22T21:03:32","guid":{"rendered":"https:\/\/cpcervantes.es\/?page_id=882"},"modified":"2024-04-06T19:38:39","modified_gmt":"2024-04-06T19:38:39","slug":"becas-y-ayudas","status":"publish","type":"page","link":"https:\/\/cpcervantes.es\/?page_id=882","title":{"rendered":"BECAS Y AYUDAS"},"content":{"rendered":"\n<p><strong>CURSO 2024 &#8211; 2025<\/strong><\/p>\n\n\n\n<p><strong>AYUDAS EN EL \u00c1MBITO ESCOLAR<\/strong> <\/p>\n\n\n\n<p><strong>PLAZO ORDINARIO DE PRESENTACI\u00d3N DE SOLICITUDES:<\/strong>&nbsp;<strong>Desde el 8 al 26 de abril de 2024, ambos incluidos<\/strong><\/p>\n\n\n\n<p>Web del Ayuntamiento: <strong><a href=\"https:\/\/sede.gijon.es\/es\/listados\/ayudas-ambito-escolar-curso-20242025-becas-comedor-ayuda-conciliacion-atencion-temprana-y-material\" target=\"_blank\" rel=\"noreferrer noopener\">ENLACE<\/a><\/strong><\/p>\n\n\n\n<p>BOPA: <a href=\"https:\/\/sede.asturias.es\/bopa\/2024\/04\/05\/2024-02805.pdf\" target=\"_blank\" rel=\"noreferrer noopener\"><strong>ENLACE<\/strong><\/a><\/p>\n\n\n\n<p>Modelo de SOLICITUD: <strong><a href=\"https:\/\/sedeelectronica.gijon.es\/sta\/docs\/GetDocumentServlet?CUD=15372473751312010767&amp;HASH_CUD=2e7c4d40d1c7c44e2388ce84b3e3686bbfa62ab7&amp;APP_CODE=STA\" target=\"_blank\" rel=\"noreferrer noopener\">ENLACE<\/a><\/strong><\/p>\n\n\n\n<p><strong>BASES<\/strong><\/p>\n\n\n\n<div data-wp-interactive=\"core\/file\" class=\"wp-block-file\"><object data-wp-bind--hidden=\"!state.hasPdfPreview\" hidden class=\"wp-block-file__embed\" data=\"https:\/\/cpcervantes.es\/wp-content\/uploads\/2024\/04\/DGEN01.009.pdf\" type=\"application\/pdf\" style=\"width:100%;height:600px\" aria-label=\"Incrustado de Incrustado de DGEN01.009..\"><\/object><a id=\"wp-block-file--media-85111f33-86fd-46fd-b352-5624e4943f99\" href=\"https:\/\/cpcervantes.es\/wp-content\/uploads\/2024\/04\/DGEN01.009.pdf\">DGEN01.009<\/a><a href=\"https:\/\/cpcervantes.es\/wp-content\/uploads\/2024\/04\/DGEN01.009.pdf\" class=\"wp-block-file__button\" download aria-describedby=\"wp-block-file--media-85111f33-86fd-46fd-b352-5624e4943f99\">Descarga<\/a><\/div>\n\n\n\n<p><\/p>\n\n\n\n<p><\/p>\n\n\n\n<p><strong>CONVOCATORIA PROGRAMA PR\u00c9STAMO Y REUTILIZACI\u00d3N DE LIBROS DE TEXTO. CURSO 2023 &#8211; 2024 (BECAS)<\/strong><\/p>\n\n\n\n<figure class=\"wp-block-image size-full\"><img decoding=\"async\" src=\"https:\/\/cpcervantes.es\/wp-content\/uploads\/2023\/04\/Becas-2.png\" alt=\"\" class=\"wp-image-1088\"\/><\/figure>\n\n\n\n<p><strong>Alumnado destinatario<\/strong><\/p>\n\n\n\n<p>La citada convocatoria va dirigida al&nbsp;alumnado escolarizado en centros p\u00fablicos. Los beneficiarios ser\u00e1n las alumnas o los alumnos que est\u00e9n matriculados de Educaci\u00f3n Primaria, Educaci\u00f3n Secundaria Obligatoria o EBO en los centros p\u00fablicos del Principado de Asturias durante el curso 2023\/2024 siempre y cuando no repitan curso y su unidad familiar no haya superado en el ejercicio 2021 los siguientes umbrales de renta:<\/p>\n\n\n\n<ul class=\"wp-block-list\"><li>Familias de dos miembros (monoparentales):&nbsp;16.000,00 \u20ac<\/li><li>Familias de tres miembros:&nbsp;24.000,00 \u20ac<\/li><li>Familias de cuatro miembros:&nbsp;32.000,00 \u20ac<\/li><li>Familias de cinco miembros:&nbsp;40.000,00 \u20ac<\/li><li>Familias de seis miembros:&nbsp;48.000,00 \u20ac<\/li><li>Familias de siete miembros:&nbsp;56.000,00 \u20ac<\/li><li>Familias de ocho miembros:&nbsp;64.000,00 \u20ac<\/li><li>A partir del octavo miembro, por cada nuevo miembro computable, se a\u00f1adir\u00e1n&nbsp;4.000,00 \u20ac<\/li><\/ul>\n\n\n\n<p>Por otro lado en el caso del alumnado con necesidad espec\u00edfica de apoyo educativo, derivada de discapacidad o de alta capacidad intelectual, este umbral o tope de renta se ver\u00e1 incrementado en 5.000 \u20ac. Tambi\u00e9n se incrementa el umbral para familias numerosas en 3.000 \u20ac si es de categor\u00eda general y en 5.000 \u20ac si es de categor\u00eda especial.<\/p>\n\n\n\n<p><strong>PLAZO DE SOLICITUD<\/strong>: <strong>del 17 al 28 de abril (ambos inclusive)<\/strong><\/p>\n\n\n\n<p>La solicitud se presentar\u00e1 mediante la entrega del modelo oficial personalizado que se facilitar\u00e1 en la propia secretar\u00eda del centro en el que tenga matr\u00edcula la alumna o el alumno solicitante. Si se detectara alg\u00fan error en la solicitud&nbsp;el centro educativo lo corregir\u00e1 en la base de datos corporativa. No ser\u00e1 necesaria una nueva impresi\u00f3n. Posteriormente si todos los datos son correctos, se firmar\u00e1 el borrador y se entregar\u00e1 en la secretar\u00eda del centro educativo o simplemente se confirmar\u00e1 el borrador en la web del Principado de Asturias (www.asturias.es).<br>&nbsp;<\/p>\n\n\n\n<p><strong>Solicitud por servicios electr\u00f3nicos<\/strong><\/p>\n\n\n\n<p><strong>Borrador: datos correctos.&nbsp;<\/strong>Su opci\u00f3n es:&nbsp;<em>Confirmaci\u00f3n del borrador.<\/em><\/p>\n\n\n\n<p>Deber\u00e1 introducir el NIF\/NIE del tutor o de la tutora, eligiendo el centro docente del que se trate e introduciendo la fecha de nacimiento del alumno o de la alumna. Finalmente, deber\u00e1 introducir el n\u00famero de validaci\u00f3n que le indicamos en el borrador.<\/p>\n\n\n\n<p><strong>Borrador: datos incorrectos.<\/strong>&nbsp;Su opci\u00f3n es:<em>&nbsp;Modificaci\u00f3n del borrador.<\/em><\/p>\n\n\n\n<p>Es necesario tener DNI-e o certificado digital expedido por la F\u00e1brica Nacional de Moneda y Timbre.<\/p>\n\n\n\n<p>Enlaces: <\/p>\n\n\n\n<ul class=\"wp-block-list\"><li><a href=\"https:\/\/www.educastur.es\/-\/programa-de-prestamo-y-reutilizacion-de-libros-de-texto-curso-2023-2024-convocatoria?redirect=%2F\" target=\"_blank\" rel=\"noreferrer noopener\">Educastur<\/a><\/li><li><a href=\"https:\/\/sede.asturias.es\/bopa\/2023\/04\/12\/2023-02879.pdf\" target=\"_blank\" rel=\"noreferrer noopener\">BOPA<\/a><\/li><li><a href=\"https:\/\/www70.asturias.es\/subvencionesLibrosTexto\/action\/menu\" target=\"_blank\" rel=\"noreferrer noopener\">Tramitaci\u00f3n TELEM\u00c1TICA<\/a><\/li><\/ul>\n","protected":false},"excerpt":{"rendered":"<p>CURSO 2024 &#8211; 2025 AYUDAS EN EL \u00c1MBITO ESCOLAR PLAZO ORDINARIO DE PRESENTACI\u00d3N DE SOLICITUDES:&nbsp;Desde el 8 al 26 de abril de 2024, ambos incluidos Web del Ayuntamiento: ENLACE BOPA: ENLACE Modelo de SOLICITUD: ENLACE BASES CONVOCATORIA PROGRAMA PR\u00c9STAMO Y REUTILIZACI\u00d3N DE LIBROS DE TEXTO. CURSO 2023 &#8211; 2024 (BECAS) Alumnado destinatario La citada convocatoria [&hellip;]<\/p>\n","protected":false},"author":2,"featured_media":0,"parent":0,"menu_order":0,"comment_status":"closed","ping_status":"closed","template":"","meta":{"footnotes":""},"class_list":["post-882","page","type-page","status-publish","hentry"],"yoast_head":"<!-- This site is optimized with the Yoast SEO plugin v25.5 - https:\/\/yoast.com\/wordpress\/plugins\/seo\/ -->\n<title>BECAS Y AYUDAS - Colegio P\u00fablico MIGUEL de CERVANTES (Gij\u00f3n)<\/title>\n<meta name=\"robots\" content=\"index, follow, max-snippet:-1, max-image-preview:large, max-video-preview:-1\" \/>\n<link rel=\"canonical\" href=\"https:\/\/cpcervantes.es\/?page_id=882\" \/>\n<meta property=\"og:locale\" content=\"es_ES\" \/>\n<meta property=\"og:type\" content=\"article\" \/>\n<meta property=\"og:title\" content=\"BECAS Y AYUDAS - Colegio P\u00fablico MIGUEL de CERVANTES (Gij\u00f3n)\" \/>\n<meta property=\"og:description\" content=\"CURSO 2024 &#8211; 2025 AYUDAS EN EL \u00c1MBITO ESCOLAR PLAZO ORDINARIO DE PRESENTACI\u00d3N DE SOLICITUDES:&nbsp;Desde el 8 al 26 de abril de 2024, ambos incluidos Web del Ayuntamiento: ENLACE BOPA: ENLACE Modelo de SOLICITUD: ENLACE BASES CONVOCATORIA PROGRAMA PR\u00c9STAMO Y REUTILIZACI\u00d3N DE LIBROS DE TEXTO. CURSO 2023 &#8211; 2024 (BECAS) Alumnado destinatario La citada convocatoria [&hellip;]\" \/>\n<meta property=\"og:url\" content=\"https:\/\/cpcervantes.es\/?page_id=882\" \/>\n<meta property=\"og:site_name\" content=\"Colegio P\u00fablico MIGUEL de CERVANTES (Gij\u00f3n)\" \/>\n<meta property=\"article:publisher\" content=\"https:\/\/www.facebook.com\/CPMigueldecervantes\/\" \/>\n<meta property=\"article:modified_time\" content=\"2024-04-06T19:38:39+00:00\" \/>\n<meta property=\"og:image\" content=\"https:\/\/cpcervantes.es\/wp-content\/uploads\/2023\/04\/Becas-2.png\" \/>\n<meta name=\"twitter:card\" content=\"summary_large_image\" \/>\n<meta name=\"twitter:label1\" content=\"Tiempo de lectura\" \/>\n\t<meta name=\"twitter:data1\" content=\"3 minutos\" \/>\n<script type=\"application\/ld+json\" class=\"yoast-schema-graph\">{\"@context\":\"https:\/\/schema.org\",\"@graph\":[{\"@type\":\"WebPage\",\"@id\":\"https:\/\/cpcervantes.es\/?page_id=882\",\"url\":\"https:\/\/cpcervantes.es\/?page_id=882\",\"name\":\"BECAS Y AYUDAS - Colegio P\u00fablico MIGUEL de CERVANTES (Gij\u00f3n)\",\"isPartOf\":{\"@id\":\"https:\/\/cpcervantes.es\/#website\"},\"primaryImageOfPage\":{\"@id\":\"https:\/\/cpcervantes.es\/?page_id=882#primaryimage\"},\"image\":{\"@id\":\"https:\/\/cpcervantes.es\/?page_id=882#primaryimage\"},\"thumbnailUrl\":\"https:\/\/cpcervantes.es\/wp-content\/uploads\/2023\/04\/Becas-2.png\",\"datePublished\":\"2023-03-22T21:03:32+00:00\",\"dateModified\":\"2024-04-06T19:38:39+00:00\",\"breadcrumb\":{\"@id\":\"https:\/\/cpcervantes.es\/?page_id=882#breadcrumb\"},\"inLanguage\":\"es\",\"potentialAction\":[{\"@type\":\"ReadAction\",\"target\":[\"https:\/\/cpcervantes.es\/?page_id=882\"]}]},{\"@type\":\"ImageObject\",\"inLanguage\":\"es\",\"@id\":\"https:\/\/cpcervantes.es\/?page_id=882#primaryimage\",\"url\":\"https:\/\/cpcervantes.es\/wp-content\/uploads\/2023\/04\/Becas-2.png\",\"contentUrl\":\"https:\/\/cpcervantes.es\/wp-content\/uploads\/2023\/04\/Becas-2.png\"},{\"@type\":\"BreadcrumbList\",\"@id\":\"https:\/\/cpcervantes.es\/?page_id=882#breadcrumb\",\"itemListElement\":[{\"@type\":\"ListItem\",\"position\":1,\"name\":\"Portada\",\"item\":\"https:\/\/cpcervantes.es\/\"},{\"@type\":\"ListItem\",\"position\":2,\"name\":\"BECAS Y AYUDAS\"}]},{\"@type\":\"WebSite\",\"@id\":\"https:\/\/cpcervantes.es\/#website\",\"url\":\"https:\/\/cpcervantes.es\/\",\"name\":\"Colegio P\u00fablico Miguel de Cervantes\",\"description\":\"\",\"publisher\":{\"@id\":\"https:\/\/cpcervantes.es\/#organization\"},\"potentialAction\":[{\"@type\":\"SearchAction\",\"target\":{\"@type\":\"EntryPoint\",\"urlTemplate\":\"https:\/\/cpcervantes.es\/?s={search_term_string}\"},\"query-input\":{\"@type\":\"PropertyValueSpecification\",\"valueRequired\":true,\"valueName\":\"search_term_string\"}}],\"inLanguage\":\"es\"},{\"@type\":\"Organization\",\"@id\":\"https:\/\/cpcervantes.es\/#organization\",\"name\":\"Colegio P\u00fablico Miguel de Cervantes\",\"url\":\"https:\/\/cpcervantes.es\/\",\"logo\":{\"@type\":\"ImageObject\",\"inLanguage\":\"es\",\"@id\":\"https:\/\/cpcervantes.es\/#\/schema\/logo\/image\/\",\"url\":\"https:\/\/cpcervantes.es\/wp-content\/uploads\/2020\/05\/Favicon.jpg\",\"contentUrl\":\"https:\/\/cpcervantes.es\/wp-content\/uploads\/2020\/05\/Favicon.jpg\",\"width\":512,\"height\":512,\"caption\":\"Colegio P\u00fablico Miguel de Cervantes\"},\"image\":{\"@id\":\"https:\/\/cpcervantes.es\/#\/schema\/logo\/image\/\"},\"sameAs\":[\"https:\/\/www.facebook.com\/CPMigueldecervantes\/\",\"https:\/\/www.youtube.com\/channel\/UCpE7C_IYe3SmpagWMMn6PGQ\"]}]}<\/script>\n<!-- \/ Yoast SEO plugin. -->","yoast_head_json":{"title":"BECAS Y AYUDAS - Colegio P\u00fablico MIGUEL de CERVANTES (Gij\u00f3n)","robots":{"index":"index","follow":"follow","max-snippet":"max-snippet:-1","max-image-preview":"max-image-preview:large","max-video-preview":"max-video-preview:-1"},"canonical":"https:\/\/cpcervantes.es\/?page_id=882","og_locale":"es_ES","og_type":"article","og_title":"BECAS Y AYUDAS - Colegio P\u00fablico MIGUEL de CERVANTES (Gij\u00f3n)","og_description":"CURSO 2024 &#8211; 2025 AYUDAS EN EL \u00c1MBITO ESCOLAR PLAZO ORDINARIO DE PRESENTACI\u00d3N DE SOLICITUDES:&nbsp;Desde el 8 al 26 de abril de 2024, ambos incluidos Web del Ayuntamiento: ENLACE BOPA: ENLACE Modelo de SOLICITUD: ENLACE BASES CONVOCATORIA PROGRAMA PR\u00c9STAMO Y REUTILIZACI\u00d3N DE LIBROS DE TEXTO. CURSO 2023 &#8211; 2024 (BECAS) Alumnado destinatario La citada convocatoria [&hellip;]","og_url":"https:\/\/cpcervantes.es\/?page_id=882","og_site_name":"Colegio P\u00fablico MIGUEL de CERVANTES (Gij\u00f3n)","article_publisher":"https:\/\/www.facebook.com\/CPMigueldecervantes\/","article_modified_time":"2024-04-06T19:38:39+00:00","og_image":[{"url":"https:\/\/cpcervantes.es\/wp-content\/uploads\/2023\/04\/Becas-2.png","type":"","width":"","height":""}],"twitter_card":"summary_large_image","twitter_misc":{"Tiempo de lectura":"3 minutos"},"schema":{"@context":"https:\/\/schema.org","@graph":[{"@type":"WebPage","@id":"https:\/\/cpcervantes.es\/?page_id=882","url":"https:\/\/cpcervantes.es\/?page_id=882","name":"BECAS Y AYUDAS - Colegio P\u00fablico MIGUEL de CERVANTES (Gij\u00f3n)","isPartOf":{"@id":"https:\/\/cpcervantes.es\/#website"},"primaryImageOfPage":{"@id":"https:\/\/cpcervantes.es\/?page_id=882#primaryimage"},"image":{"@id":"https:\/\/cpcervantes.es\/?page_id=882#primaryimage"},"thumbnailUrl":"https:\/\/cpcervantes.es\/wp-content\/uploads\/2023\/04\/Becas-2.png","datePublished":"2023-03-22T21:03:32+00:00","dateModified":"2024-04-06T19:38:39+00:00","breadcrumb":{"@id":"https:\/\/cpcervantes.es\/?page_id=882#breadcrumb"},"inLanguage":"es","potentialAction":[{"@type":"ReadAction","target":["https:\/\/cpcervantes.es\/?page_id=882"]}]},{"@type":"ImageObject","inLanguage":"es","@id":"https:\/\/cpcervantes.es\/?page_id=882#primaryimage","url":"https:\/\/cpcervantes.es\/wp-content\/uploads\/2023\/04\/Becas-2.png","contentUrl":"https:\/\/cpcervantes.es\/wp-content\/uploads\/2023\/04\/Becas-2.png"},{"@type":"BreadcrumbList","@id":"https:\/\/cpcervantes.es\/?page_id=882#breadcrumb","itemListElement":[{"@type":"ListItem","position":1,"name":"Portada","item":"https:\/\/cpcervantes.es\/"},{"@type":"ListItem","position":2,"name":"BECAS Y AYUDAS"}]},{"@type":"WebSite","@id":"https:\/\/cpcervantes.es\/#website","url":"https:\/\/cpcervantes.es\/","name":"Colegio P\u00fablico Miguel de Cervantes","description":"","publisher":{"@id":"https:\/\/cpcervantes.es\/#organization"},"potentialAction":[{"@type":"SearchAction","target":{"@type":"EntryPoint","urlTemplate":"https:\/\/cpcervantes.es\/?s={search_term_string}"},"query-input":{"@type":"PropertyValueSpecification","valueRequired":true,"valueName":"search_term_string"}}],"inLanguage":"es"},{"@type":"Organization","@id":"https:\/\/cpcervantes.es\/#organization","name":"Colegio P\u00fablico Miguel de Cervantes","url":"https:\/\/cpcervantes.es\/","logo":{"@type":"ImageObject","inLanguage":"es","@id":"https:\/\/cpcervantes.es\/#\/schema\/logo\/image\/","url":"https:\/\/cpcervantes.es\/wp-content\/uploads\/2020\/05\/Favicon.jpg","contentUrl":"https:\/\/cpcervantes.es\/wp-content\/uploads\/2020\/05\/Favicon.jpg","width":512,"height":512,"caption":"Colegio P\u00fablico Miguel de Cervantes"},"image":{"@id":"https:\/\/cpcervantes.es\/#\/schema\/logo\/image\/"},"sameAs":["https:\/\/www.facebook.com\/CPMigueldecervantes\/","https:\/\/www.youtube.com\/channel\/UCpE7C_IYe3SmpagWMMn6PGQ"]}]}},"_links":{"self":[{"href":"https:\/\/cpcervantes.es\/index.php?rest_route=\/wp\/v2\/pages\/882","targetHints":{"allow":["GET"]}}],"collection":[{"href":"https:\/\/cpcervantes.es\/index.php?rest_route=\/wp\/v2\/pages"}],"about":[{"href":"https:\/\/cpcervantes.es\/index.php?rest_route=\/wp\/v2\/types\/page"}],"author":[{"embeddable":true,"href":"https:\/\/cpcervantes.es\/index.php?rest_route=\/wp\/v2\/users\/2"}],"replies":[{"embeddable":true,"href":"https:\/\/cpcervantes.es\/index.php?rest_route=%2Fwp%2Fv2%2Fcomments&post=882"}],"version-history":[{"count":4,"href":"https:\/\/cpcervantes.es\/index.php?rest_route=\/wp\/v2\/pages\/882\/revisions"}],"predecessor-version":[{"id":1609,"href":"https:\/\/cpcervantes.es\/index.php?rest_route=\/wp\/v2\/pages\/882\/revisions\/1609"}],"wp:attachment":[{"href":"https:\/\/cpcervantes.es\/index.php?rest_route=%2Fwp%2Fv2%2Fmedia&parent=882"}],"curies":[{"name":"wp","href":"https:\/\/api.w.org\/{rel}","templated":true}]}}