{"id":875,"date":"2023-03-22T21:01:59","date_gmt":"2023-03-22T21:01:59","guid":{"rendered":"https:\/\/cpcervantes.es\/?page_id=875"},"modified":"2024-06-05T10:15:39","modified_gmt":"2024-06-05T10:15:39","slug":"admision","status":"publish","type":"page","link":"https:\/\/cpcervantes.es\/?page_id=875","title":{"rendered":"ADMISI\u00d3N"},"content":{"rendered":"","protected":false},"excerpt":{"rendered":"","protected":false},"author":2,"featured_media":0,"parent":0,"menu_order":0,"comment_status":"closed","ping_status":"closed","template":"","meta":{"footnotes":""},"class_list":["post-875","page","type-page","status-publish","hentry"],"yoast_head":"<!-- This site is optimized with the Yoast SEO plugin v25.5 - https:\/\/yoast.com\/wordpress\/plugins\/seo\/ -->\n<title>ADMISI\u00d3N - Colegio P\u00fablico MIGUEL de CERVANTES (Gij\u00f3n)<\/title>\n<meta name=\"robots\" content=\"index, follow, max-snippet:-1, max-image-preview:large, max-video-preview:-1\" \/>\n<link rel=\"canonical\" href=\"https:\/\/cpcervantes.es\/?page_id=875\" \/>\n<meta property=\"og:locale\" content=\"es_ES\" \/>\n<meta property=\"og:type\" content=\"article\" \/>\n<meta property=\"og:title\" content=\"ADMISI\u00d3N - Colegio P\u00fablico MIGUEL de CERVANTES (Gij\u00f3n)\" \/>\n<meta property=\"og:url\" content=\"https:\/\/cpcervantes.es\/?page_id=875\" \/>\n<meta property=\"og:site_name\" content=\"Colegio P\u00fablico MIGUEL de CERVANTES (Gij\u00f3n)\" \/>\n<meta property=\"article:publisher\" content=\"https:\/\/www.facebook.com\/CPMigueldecervantes\/\" \/>\n<meta property=\"article:modified_time\" content=\"2024-06-05T10:15:39+00:00\" \/>\n<meta name=\"twitter:card\" content=\"summary_large_image\" \/>\n<script type=\"application\/ld+json\" class=\"yoast-schema-graph\">{\"@context\":\"https:\/\/schema.org\",\"@graph\":[{\"@type\":\"WebPage\",\"@id\":\"https:\/\/cpcervantes.es\/?page_id=875\",\"url\":\"https:\/\/cpcervantes.es\/?page_id=875\",\"name\":\"ADMISI\u00d3N - Colegio P\u00fablico MIGUEL de CERVANTES (Gij\u00f3n)\",\"isPartOf\":{\"@id\":\"https:\/\/cpcervantes.es\/#website\"},\"datePublished\":\"2023-03-22T21:01:59+00:00\",\"dateModified\":\"2024-06-05T10:15:39+00:00\",\"breadcrumb\":{\"@id\":\"https:\/\/cpcervantes.es\/?page_id=875#breadcrumb\"},\"inLanguage\":\"es\",\"potentialAction\":[{\"@type\":\"ReadAction\",\"target\":[\"https:\/\/cpcervantes.es\/?page_id=875\"]}]},{\"@type\":\"BreadcrumbList\",\"@id\":\"https:\/\/cpcervantes.es\/?page_id=875#breadcrumb\",\"itemListElement\":[{\"@type\":\"ListItem\",\"position\":1,\"name\":\"Portada\",\"item\":\"https:\/\/cpcervantes.es\/\"},{\"@type\":\"ListItem\",\"position\":2,\"name\":\"ADMISI\u00d3N\"}]},{\"@type\":\"WebSite\",\"@id\":\"https:\/\/cpcervantes.es\/#website\",\"url\":\"https:\/\/cpcervantes.es\/\",\"name\":\"Colegio P\u00fablico Miguel de Cervantes\",\"description\":\"\",\"publisher\":{\"@id\":\"https:\/\/cpcervantes.es\/#organization\"},\"potentialAction\":[{\"@type\":\"SearchAction\",\"target\":{\"@type\":\"EntryPoint\",\"urlTemplate\":\"https:\/\/cpcervantes.es\/?s={search_term_string}\"},\"query-input\":{\"@type\":\"PropertyValueSpecification\",\"valueRequired\":true,\"valueName\":\"search_term_string\"}}],\"inLanguage\":\"es\"},{\"@type\":\"Organization\",\"@id\":\"https:\/\/cpcervantes.es\/#organization\",\"name\":\"Colegio P\u00fablico Miguel de Cervantes\",\"url\":\"https:\/\/cpcervantes.es\/\",\"logo\":{\"@type\":\"ImageObject\",\"inLanguage\":\"es\",\"@id\":\"https:\/\/cpcervantes.es\/#\/schema\/logo\/image\/\",\"url\":\"https:\/\/cpcervantes.es\/wp-content\/uploads\/2020\/05\/Favicon.jpg\",\"contentUrl\":\"https:\/\/cpcervantes.es\/wp-content\/uploads\/2020\/05\/Favicon.jpg\",\"width\":512,\"height\":512,\"caption\":\"Colegio P\u00fablico Miguel de Cervantes\"},\"image\":{\"@id\":\"https:\/\/cpcervantes.es\/#\/schema\/logo\/image\/\"},\"sameAs\":[\"https:\/\/www.facebook.com\/CPMigueldecervantes\/\",\"https:\/\/www.youtube.com\/channel\/UCpE7C_IYe3SmpagWMMn6PGQ\"]}]}<\/script>\n<!-- \/ Yoast SEO plugin. -->","yoast_head_json":{"title":"ADMISI\u00d3N - Colegio P\u00fablico MIGUEL de CERVANTES (Gij\u00f3n)","robots":{"index":"index","follow":"follow","max-snippet":"max-snippet:-1","max-image-preview":"max-image-preview:large","max-video-preview":"max-video-preview:-1"},"canonical":"https:\/\/cpcervantes.es\/?page_id=875","og_locale":"es_ES","og_type":"article","og_title":"ADMISI\u00d3N - Colegio P\u00fablico MIGUEL de CERVANTES (Gij\u00f3n)","og_url":"https:\/\/cpcervantes.es\/?page_id=875","og_site_name":"Colegio P\u00fablico MIGUEL de CERVANTES (Gij\u00f3n)","article_publisher":"https:\/\/www.facebook.com\/CPMigueldecervantes\/","article_modified_time":"2024-06-05T10:15:39+00:00","twitter_card":"summary_large_image","schema":{"@context":"https:\/\/schema.org","@graph":[{"@type":"WebPage","@id":"https:\/\/cpcervantes.es\/?page_id=875","url":"https:\/\/cpcervantes.es\/?page_id=875","name":"ADMISI\u00d3N - Colegio P\u00fablico MIGUEL de CERVANTES (Gij\u00f3n)","isPartOf":{"@id":"https:\/\/cpcervantes.es\/#website"},"datePublished":"2023-03-22T21:01:59+00:00","dateModified":"2024-06-05T10:15:39+00:00","breadcrumb":{"@id":"https:\/\/cpcervantes.es\/?page_id=875#breadcrumb"},"inLanguage":"es","potentialAction":[{"@type":"ReadAction","target":["https:\/\/cpcervantes.es\/?page_id=875"]}]},{"@type":"BreadcrumbList","@id":"https:\/\/cpcervantes.es\/?page_id=875#breadcrumb","itemListElement":[{"@type":"ListItem","position":1,"name":"Portada","item":"https:\/\/cpcervantes.es\/"},{"@type":"ListItem","position":2,"name":"ADMISI\u00d3N"}]},{"@type":"WebSite","@id":"https:\/\/cpcervantes.es\/#website","url":"https:\/\/cpcervantes.es\/","name":"Colegio P\u00fablico Miguel de Cervantes","description":"","publisher":{"@id":"https:\/\/cpcervantes.es\/#organization"},"potentialAction":[{"@type":"SearchAction","target":{"@type":"EntryPoint","urlTemplate":"https:\/\/cpcervantes.es\/?s={search_term_string}"},"query-input":{"@type":"PropertyValueSpecification","valueRequired":true,"valueName":"search_term_string"}}],"inLanguage":"es"},{"@type":"Organization","@id":"https:\/\/cpcervantes.es\/#organization","name":"Colegio P\u00fablico Miguel de Cervantes","url":"https:\/\/cpcervantes.es\/","logo":{"@type":"ImageObject","inLanguage":"es","@id":"https:\/\/cpcervantes.es\/#\/schema\/logo\/image\/","url":"https:\/\/cpcervantes.es\/wp-content\/uploads\/2020\/05\/Favicon.jpg","contentUrl":"https:\/\/cpcervantes.es\/wp-content\/uploads\/2020\/05\/Favicon.jpg","width":512,"height":512,"caption":"Colegio P\u00fablico Miguel de Cervantes"},"image":{"@id":"https:\/\/cpcervantes.es\/#\/schema\/logo\/image\/"},"sameAs":["https:\/\/www.facebook.com\/CPMigueldecervantes\/","https:\/\/www.youtube.com\/channel\/UCpE7C_IYe3SmpagWMMn6PGQ"]}]}},"_links":{"self":[{"href":"https:\/\/cpcervantes.es\/index.php?rest_route=\/wp\/v2\/pages\/875","targetHints":{"allow":["GET"]}}],"collection":[{"href":"https:\/\/cpcervantes.es\/index.php?rest_route=\/wp\/v2\/pages"}],"about":[{"href":"https:\/\/cpcervantes.es\/index.php?rest_route=\/wp\/v2\/types\/page"}],"author":[{"embeddable":true,"href":"https:\/\/cpcervantes.es\/index.php?rest_route=\/wp\/v2\/users\/2"}],"replies":[{"embeddable":true,"href":"https:\/\/cpcervantes.es\/index.php?rest_route=%2Fwp%2Fv2%2Fcomments&post=875"}],"version-history":[{"count":7,"href":"https:\/\/cpcervantes.es\/index.php?rest_route=\/wp\/v2\/pages\/875\/revisions"}],"predecessor-version":[{"id":1680,"href":"https:\/\/cpcervantes.es\/index.php?rest_route=\/wp\/v2\/pages\/875\/revisions\/1680"}],"wp:attachment":[{"href":"https:\/\/cpcervantes.es\/index.php?rest_route=%2Fwp%2Fv2%2Fmedia&parent=875"}],"curies":[{"name":"wp","href":"https:\/\/api.w.org\/{rel}","templated":true}]}}