{"id":743,"date":"2023-03-20T11:21:31","date_gmt":"2023-03-20T11:21:31","guid":{"rendered":"https:\/\/cpcervantes.es\/?page_id=743"},"modified":"2023-10-29T07:01:14","modified_gmt":"2023-10-29T07:01:14","slug":"proyecto-salud","status":"publish","type":"page","link":"https:\/\/cpcervantes.es\/?page_id=743","title":{"rendered":"Proyecto SALUD"},"content":{"rendered":"\n<p><strong>CURSO 2023 &#8211; 2024<\/strong><\/p>\n\n\n\n<p><strong>PATIOS RESIDUOS CERO<\/strong> <strong>(VI Jornadas de la SALUD)<\/strong><\/p>\n\n\n\n<p><strong>Justificaci\u00f3n<\/strong>: El consumo de alimentos ultraprocesados para el pincho del recreo, adem\u00e1s de ser una alternativa nada beneficiosa para la salud del alumnado, genera una cantidad de residuos excesiva, quedando los patios en muy malas condiciones. A pesar de tener papeleras y contenedores para separar la basura, muchos residuos terminan en el suelo lo que provoca que se las gaviotas y el aire los dispersen por fuera del recinto escolar y se contaminen otras zonas del entorno<strong>.<\/strong>&nbsp;<\/p>\n\n\n\n<p><strong>Objetivo<\/strong>: Promover una buena alimentaci\u00f3n poniendo el foco en los pinchos saludables para el recreo, para reducir la cantidad de residuos que se generan y utilizar de forma sistem\u00e1tica los contenedores de reciclaje y la compostadora para que los patios queden limpios<strong>&nbsp;<\/strong><\/p>\n\n\n\n<div class=\"wp-block-image\"><figure class=\"aligncenter size-full\"><img fetchpriority=\"high\" decoding=\"async\" width=\"701\" height=\"177\" src=\"https:\/\/cpcervantes.es\/wp-content\/uploads\/2023\/10\/image.png\" alt=\"\" class=\"wp-image-1392\" srcset=\"https:\/\/cpcervantes.es\/wp-content\/uploads\/2023\/10\/image.png 701w, https:\/\/cpcervantes.es\/wp-content\/uploads\/2023\/10\/image-300x76.png 300w\" sizes=\"(max-width: 701px) 100vw, 701px\" \/><\/figure><\/div>\n\n\n\n<p><strong>CURSO 2022 &#8211; 2023<\/strong><\/p>\n\n\n\n<p>Desarrollado a lo largo del primer trimestre. Todos los productos finales est\u00e1n relacionados con la adquisici\u00f3n de h\u00e1bitos saludables que repercutan en una mejora de la calidad de vida del alumnado y de las personas del barrio. Finalizamos el proyecto con la celebraci\u00f3n de las V Jornadas de la Salud<\/p>\n\n\n\n<figure class=\"wp-block-image size-large\"><img decoding=\"async\" width=\"1024\" height=\"724\" src=\"https:\/\/cpcervantes.es\/wp-content\/uploads\/2023\/03\/1-1024x724.jpg\" alt=\"\" class=\"wp-image-747\" srcset=\"https:\/\/cpcervantes.es\/wp-content\/uploads\/2023\/03\/1-1024x724.jpg 1024w, https:\/\/cpcervantes.es\/wp-content\/uploads\/2023\/03\/1-300x212.jpg 300w, https:\/\/cpcervantes.es\/wp-content\/uploads\/2023\/03\/1-768x543.jpg 768w, https:\/\/cpcervantes.es\/wp-content\/uploads\/2023\/03\/1-1536x1086.jpg 1536w, https:\/\/cpcervantes.es\/wp-content\/uploads\/2023\/03\/1-200x141.jpg 200w, https:\/\/cpcervantes.es\/wp-content\/uploads\/2023\/03\/1-690x488.jpg 690w, https:\/\/cpcervantes.es\/wp-content\/uploads\/2023\/03\/1.jpg 2000w\" sizes=\"(max-width: 1024px) 100vw, 1024px\" \/><\/figure>\n\n\n\n<figure class=\"wp-block-image size-large\"><img decoding=\"async\" width=\"1024\" height=\"724\" src=\"https:\/\/cpcervantes.es\/wp-content\/uploads\/2023\/03\/2-1024x724.jpg\" alt=\"\" class=\"wp-image-748\" srcset=\"https:\/\/cpcervantes.es\/wp-content\/uploads\/2023\/03\/2-1024x724.jpg 1024w, https:\/\/cpcervantes.es\/wp-content\/uploads\/2023\/03\/2-300x212.jpg 300w, https:\/\/cpcervantes.es\/wp-content\/uploads\/2023\/03\/2-768x543.jpg 768w, https:\/\/cpcervantes.es\/wp-content\/uploads\/2023\/03\/2-1536x1086.jpg 1536w, https:\/\/cpcervantes.es\/wp-content\/uploads\/2023\/03\/2-200x141.jpg 200w, https:\/\/cpcervantes.es\/wp-content\/uploads\/2023\/03\/2-690x488.jpg 690w, https:\/\/cpcervantes.es\/wp-content\/uploads\/2023\/03\/2.jpg 2000w\" sizes=\"(max-width: 1024px) 100vw, 1024px\" \/><\/figure>\n","protected":false},"excerpt":{"rendered":"<p>CURSO 2023 &#8211; 2024 PATIOS RESIDUOS CERO (VI Jornadas de la SALUD) Justificaci\u00f3n: El consumo de alimentos ultraprocesados para el pincho del recreo, adem\u00e1s de ser una alternativa nada beneficiosa para la salud del alumnado, genera una cantidad de residuos excesiva, quedando los patios en muy malas condiciones. A pesar de tener papeleras y contenedores [&hellip;]<\/p>\n","protected":false},"author":2,"featured_media":0,"parent":0,"menu_order":0,"comment_status":"closed","ping_status":"closed","template":"","meta":{"footnotes":""},"class_list":["post-743","page","type-page","status-publish","hentry"],"yoast_head":"<!-- This site is optimized with the Yoast SEO plugin v25.5 - https:\/\/yoast.com\/wordpress\/plugins\/seo\/ -->\n<title>Proyecto SALUD - Colegio P\u00fablico MIGUEL de CERVANTES (Gij\u00f3n)<\/title>\n<meta name=\"robots\" content=\"index, follow, max-snippet:-1, max-image-preview:large, max-video-preview:-1\" \/>\n<link rel=\"canonical\" href=\"https:\/\/cpcervantes.es\/?page_id=743\" \/>\n<meta property=\"og:locale\" content=\"es_ES\" \/>\n<meta property=\"og:type\" content=\"article\" \/>\n<meta property=\"og:title\" content=\"Proyecto SALUD - Colegio P\u00fablico MIGUEL de CERVANTES (Gij\u00f3n)\" \/>\n<meta property=\"og:description\" content=\"CURSO 2023 &#8211; 2024 PATIOS RESIDUOS CERO (VI Jornadas de la SALUD) Justificaci\u00f3n: El consumo de alimentos ultraprocesados para el pincho del recreo, adem\u00e1s de ser una alternativa nada beneficiosa para la salud del alumnado, genera una cantidad de residuos excesiva, quedando los patios en muy malas condiciones. A pesar de tener papeleras y contenedores [&hellip;]\" \/>\n<meta property=\"og:url\" content=\"https:\/\/cpcervantes.es\/?page_id=743\" \/>\n<meta property=\"og:site_name\" content=\"Colegio P\u00fablico MIGUEL de CERVANTES (Gij\u00f3n)\" \/>\n<meta property=\"article:publisher\" content=\"https:\/\/www.facebook.com\/CPMigueldecervantes\/\" \/>\n<meta property=\"article:modified_time\" content=\"2023-10-29T07:01:14+00:00\" \/>\n<meta property=\"og:image\" content=\"https:\/\/cpcervantes.es\/wp-content\/uploads\/2023\/10\/image.png\" \/>\n<meta name=\"twitter:card\" content=\"summary_large_image\" \/>\n<meta name=\"twitter:label1\" content=\"Tiempo de lectura\" \/>\n\t<meta name=\"twitter:data1\" content=\"2 minutos\" \/>\n<script type=\"application\/ld+json\" class=\"yoast-schema-graph\">{\"@context\":\"https:\/\/schema.org\",\"@graph\":[{\"@type\":\"WebPage\",\"@id\":\"https:\/\/cpcervantes.es\/?page_id=743\",\"url\":\"https:\/\/cpcervantes.es\/?page_id=743\",\"name\":\"Proyecto SALUD - Colegio P\u00fablico MIGUEL de CERVANTES (Gij\u00f3n)\",\"isPartOf\":{\"@id\":\"https:\/\/cpcervantes.es\/#website\"},\"primaryImageOfPage\":{\"@id\":\"https:\/\/cpcervantes.es\/?page_id=743#primaryimage\"},\"image\":{\"@id\":\"https:\/\/cpcervantes.es\/?page_id=743#primaryimage\"},\"thumbnailUrl\":\"https:\/\/cpcervantes.es\/wp-content\/uploads\/2023\/10\/image.png\",\"datePublished\":\"2023-03-20T11:21:31+00:00\",\"dateModified\":\"2023-10-29T07:01:14+00:00\",\"breadcrumb\":{\"@id\":\"https:\/\/cpcervantes.es\/?page_id=743#breadcrumb\"},\"inLanguage\":\"es\",\"potentialAction\":[{\"@type\":\"ReadAction\",\"target\":[\"https:\/\/cpcervantes.es\/?page_id=743\"]}]},{\"@type\":\"ImageObject\",\"inLanguage\":\"es\",\"@id\":\"https:\/\/cpcervantes.es\/?page_id=743#primaryimage\",\"url\":\"https:\/\/cpcervantes.es\/wp-content\/uploads\/2023\/10\/image.png\",\"contentUrl\":\"https:\/\/cpcervantes.es\/wp-content\/uploads\/2023\/10\/image.png\",\"width\":701,\"height\":177},{\"@type\":\"BreadcrumbList\",\"@id\":\"https:\/\/cpcervantes.es\/?page_id=743#breadcrumb\",\"itemListElement\":[{\"@type\":\"ListItem\",\"position\":1,\"name\":\"Portada\",\"item\":\"https:\/\/cpcervantes.es\/\"},{\"@type\":\"ListItem\",\"position\":2,\"name\":\"Proyecto SALUD\"}]},{\"@type\":\"WebSite\",\"@id\":\"https:\/\/cpcervantes.es\/#website\",\"url\":\"https:\/\/cpcervantes.es\/\",\"name\":\"Colegio P\u00fablico Miguel de Cervantes\",\"description\":\"\",\"publisher\":{\"@id\":\"https:\/\/cpcervantes.es\/#organization\"},\"potentialAction\":[{\"@type\":\"SearchAction\",\"target\":{\"@type\":\"EntryPoint\",\"urlTemplate\":\"https:\/\/cpcervantes.es\/?s={search_term_string}\"},\"query-input\":{\"@type\":\"PropertyValueSpecification\",\"valueRequired\":true,\"valueName\":\"search_term_string\"}}],\"inLanguage\":\"es\"},{\"@type\":\"Organization\",\"@id\":\"https:\/\/cpcervantes.es\/#organization\",\"name\":\"Colegio P\u00fablico Miguel de Cervantes\",\"url\":\"https:\/\/cpcervantes.es\/\",\"logo\":{\"@type\":\"ImageObject\",\"inLanguage\":\"es\",\"@id\":\"https:\/\/cpcervantes.es\/#\/schema\/logo\/image\/\",\"url\":\"https:\/\/cpcervantes.es\/wp-content\/uploads\/2020\/05\/Favicon.jpg\",\"contentUrl\":\"https:\/\/cpcervantes.es\/wp-content\/uploads\/2020\/05\/Favicon.jpg\",\"width\":512,\"height\":512,\"caption\":\"Colegio P\u00fablico Miguel de Cervantes\"},\"image\":{\"@id\":\"https:\/\/cpcervantes.es\/#\/schema\/logo\/image\/\"},\"sameAs\":[\"https:\/\/www.facebook.com\/CPMigueldecervantes\/\",\"https:\/\/www.youtube.com\/channel\/UCpE7C_IYe3SmpagWMMn6PGQ\"]}]}<\/script>\n<!-- \/ Yoast SEO plugin. -->","yoast_head_json":{"title":"Proyecto SALUD - Colegio P\u00fablico MIGUEL de CERVANTES (Gij\u00f3n)","robots":{"index":"index","follow":"follow","max-snippet":"max-snippet:-1","max-image-preview":"max-image-preview:large","max-video-preview":"max-video-preview:-1"},"canonical":"https:\/\/cpcervantes.es\/?page_id=743","og_locale":"es_ES","og_type":"article","og_title":"Proyecto SALUD - Colegio P\u00fablico MIGUEL de CERVANTES (Gij\u00f3n)","og_description":"CURSO 2023 &#8211; 2024 PATIOS RESIDUOS CERO (VI Jornadas de la SALUD) Justificaci\u00f3n: El consumo de alimentos ultraprocesados para el pincho del recreo, adem\u00e1s de ser una alternativa nada beneficiosa para la salud del alumnado, genera una cantidad de residuos excesiva, quedando los patios en muy malas condiciones. A pesar de tener papeleras y contenedores [&hellip;]","og_url":"https:\/\/cpcervantes.es\/?page_id=743","og_site_name":"Colegio P\u00fablico MIGUEL de CERVANTES (Gij\u00f3n)","article_publisher":"https:\/\/www.facebook.com\/CPMigueldecervantes\/","article_modified_time":"2023-10-29T07:01:14+00:00","og_image":[{"url":"https:\/\/cpcervantes.es\/wp-content\/uploads\/2023\/10\/image.png","type":"","width":"","height":""}],"twitter_card":"summary_large_image","twitter_misc":{"Tiempo de lectura":"2 minutos"},"schema":{"@context":"https:\/\/schema.org","@graph":[{"@type":"WebPage","@id":"https:\/\/cpcervantes.es\/?page_id=743","url":"https:\/\/cpcervantes.es\/?page_id=743","name":"Proyecto SALUD - Colegio P\u00fablico MIGUEL de CERVANTES (Gij\u00f3n)","isPartOf":{"@id":"https:\/\/cpcervantes.es\/#website"},"primaryImageOfPage":{"@id":"https:\/\/cpcervantes.es\/?page_id=743#primaryimage"},"image":{"@id":"https:\/\/cpcervantes.es\/?page_id=743#primaryimage"},"thumbnailUrl":"https:\/\/cpcervantes.es\/wp-content\/uploads\/2023\/10\/image.png","datePublished":"2023-03-20T11:21:31+00:00","dateModified":"2023-10-29T07:01:14+00:00","breadcrumb":{"@id":"https:\/\/cpcervantes.es\/?page_id=743#breadcrumb"},"inLanguage":"es","potentialAction":[{"@type":"ReadAction","target":["https:\/\/cpcervantes.es\/?page_id=743"]}]},{"@type":"ImageObject","inLanguage":"es","@id":"https:\/\/cpcervantes.es\/?page_id=743#primaryimage","url":"https:\/\/cpcervantes.es\/wp-content\/uploads\/2023\/10\/image.png","contentUrl":"https:\/\/cpcervantes.es\/wp-content\/uploads\/2023\/10\/image.png","width":701,"height":177},{"@type":"BreadcrumbList","@id":"https:\/\/cpcervantes.es\/?page_id=743#breadcrumb","itemListElement":[{"@type":"ListItem","position":1,"name":"Portada","item":"https:\/\/cpcervantes.es\/"},{"@type":"ListItem","position":2,"name":"Proyecto SALUD"}]},{"@type":"WebSite","@id":"https:\/\/cpcervantes.es\/#website","url":"https:\/\/cpcervantes.es\/","name":"Colegio P\u00fablico Miguel de Cervantes","description":"","publisher":{"@id":"https:\/\/cpcervantes.es\/#organization"},"potentialAction":[{"@type":"SearchAction","target":{"@type":"EntryPoint","urlTemplate":"https:\/\/cpcervantes.es\/?s={search_term_string}"},"query-input":{"@type":"PropertyValueSpecification","valueRequired":true,"valueName":"search_term_string"}}],"inLanguage":"es"},{"@type":"Organization","@id":"https:\/\/cpcervantes.es\/#organization","name":"Colegio P\u00fablico Miguel de Cervantes","url":"https:\/\/cpcervantes.es\/","logo":{"@type":"ImageObject","inLanguage":"es","@id":"https:\/\/cpcervantes.es\/#\/schema\/logo\/image\/","url":"https:\/\/cpcervantes.es\/wp-content\/uploads\/2020\/05\/Favicon.jpg","contentUrl":"https:\/\/cpcervantes.es\/wp-content\/uploads\/2020\/05\/Favicon.jpg","width":512,"height":512,"caption":"Colegio P\u00fablico Miguel de Cervantes"},"image":{"@id":"https:\/\/cpcervantes.es\/#\/schema\/logo\/image\/"},"sameAs":["https:\/\/www.facebook.com\/CPMigueldecervantes\/","https:\/\/www.youtube.com\/channel\/UCpE7C_IYe3SmpagWMMn6PGQ"]}]}},"_links":{"self":[{"href":"https:\/\/cpcervantes.es\/index.php?rest_route=\/wp\/v2\/pages\/743","targetHints":{"allow":["GET"]}}],"collection":[{"href":"https:\/\/cpcervantes.es\/index.php?rest_route=\/wp\/v2\/pages"}],"about":[{"href":"https:\/\/cpcervantes.es\/index.php?rest_route=\/wp\/v2\/types\/page"}],"author":[{"embeddable":true,"href":"https:\/\/cpcervantes.es\/index.php?rest_route=\/wp\/v2\/users\/2"}],"replies":[{"embeddable":true,"href":"https:\/\/cpcervantes.es\/index.php?rest_route=%2Fwp%2Fv2%2Fcomments&post=743"}],"version-history":[{"count":5,"href":"https:\/\/cpcervantes.es\/index.php?rest_route=\/wp\/v2\/pages\/743\/revisions"}],"predecessor-version":[{"id":1395,"href":"https:\/\/cpcervantes.es\/index.php?rest_route=\/wp\/v2\/pages\/743\/revisions\/1395"}],"wp:attachment":[{"href":"https:\/\/cpcervantes.es\/index.php?rest_route=%2Fwp%2Fv2%2Fmedia&parent=743"}],"curies":[{"name":"wp","href":"https:\/\/api.w.org\/{rel}","templated":true}]}}