{"id":1837,"date":"2025-03-08T00:55:00","date_gmt":"2025-03-08T00:55:00","guid":{"rendered":"https:\/\/cpcervantes.es\/?page_id=1837"},"modified":"2025-04-02T18:27:32","modified_gmt":"2025-04-02T18:27:32","slug":"somosradiantes","status":"publish","type":"page","link":"https:\/\/cpcervantes.es\/?page_id=1837","title":{"rendered":"somosRADIANTES"},"content":{"rendered":"<div class=\"wp-block-image\">\n<figure class=\"aligncenter size-large is-resized\"><img fetchpriority=\"high\" decoding=\"async\" width=\"1024\" height=\"724\" src=\"https:\/\/cpcervantes.es\/wp-content\/uploads\/2025\/03\/LogosomosRADIANTES-1024x724.png\" alt=\"\" class=\"wp-image-1838\" style=\"width:650px;height:459px\" srcset=\"https:\/\/cpcervantes.es\/wp-content\/uploads\/2025\/03\/LogosomosRADIANTES-1024x724.png 1024w, https:\/\/cpcervantes.es\/wp-content\/uploads\/2025\/03\/LogosomosRADIANTES-300x212.png 300w, https:\/\/cpcervantes.es\/wp-content\/uploads\/2025\/03\/LogosomosRADIANTES-768x543.png 768w, https:\/\/cpcervantes.es\/wp-content\/uploads\/2025\/03\/LogosomosRADIANTES-1536x1086.png 1536w, https:\/\/cpcervantes.es\/wp-content\/uploads\/2025\/03\/LogosomosRADIANTES.png 2000w\" sizes=\"(max-width: 1024px) 100vw, 1024px\" \/><\/figure><\/div>\n\n\n<p>Todos los podcast en nuestro canal de iVoox. Accede a todo el contenido a trav\u00e9s de este Padlet: <\/p>\n\n\n<div class=\"wp-block-image\">\n<figure class=\"aligncenter size-full\"><a href=\"https:\/\/padlet.com\/crvntscp\/somosradiantes-sp6yz0ye3v269e47\" target=\"_blank\" rel=\" noreferrer noopener\"><img decoding=\"async\" width=\"317\" height=\"124\" src=\"https:\/\/cpcervantes.es\/wp-content\/uploads\/2025\/04\/image.png\" alt=\"\" class=\"wp-image-16638\" srcset=\"https:\/\/cpcervantes.es\/wp-content\/uploads\/2025\/04\/image.png 317w, https:\/\/cpcervantes.es\/wp-content\/uploads\/2025\/04\/image-300x117.png 300w\" sizes=\"(max-width: 317px) 100vw, 317px\" \/><\/a><\/figure><\/div>","protected":false},"excerpt":{"rendered":"<p>Todos los podcast en nuestro canal de iVoox. Accede a todo el contenido a trav\u00e9s de este Padlet:<\/p>\n","protected":false},"author":2,"featured_media":0,"parent":0,"menu_order":0,"comment_status":"closed","ping_status":"closed","template":"","meta":{"footnotes":""},"class_list":["post-1837","page","type-page","status-publish","hentry"],"yoast_head":"<!-- This site is optimized with the Yoast SEO plugin v25.5 - https:\/\/yoast.com\/wordpress\/plugins\/seo\/ -->\n<title>somosRADIANTES - Colegio P\u00fablico MIGUEL de CERVANTES (Gij\u00f3n)<\/title>\n<meta name=\"robots\" content=\"index, follow, max-snippet:-1, max-image-preview:large, max-video-preview:-1\" \/>\n<link rel=\"canonical\" href=\"https:\/\/cpcervantes.es\/?page_id=1837\" \/>\n<meta property=\"og:locale\" content=\"es_ES\" \/>\n<meta property=\"og:type\" content=\"article\" \/>\n<meta property=\"og:title\" content=\"somosRADIANTES - Colegio P\u00fablico MIGUEL de CERVANTES (Gij\u00f3n)\" \/>\n<meta property=\"og:description\" content=\"Todos los podcast en nuestro canal de iVoox. Accede a todo el contenido a trav\u00e9s de este Padlet:\" \/>\n<meta property=\"og:url\" content=\"https:\/\/cpcervantes.es\/?page_id=1837\" \/>\n<meta property=\"og:site_name\" content=\"Colegio P\u00fablico MIGUEL de CERVANTES (Gij\u00f3n)\" \/>\n<meta property=\"article:publisher\" content=\"https:\/\/www.facebook.com\/CPMigueldecervantes\/\" \/>\n<meta property=\"article:modified_time\" content=\"2025-04-02T18:27:32+00:00\" \/>\n<meta property=\"og:image\" content=\"https:\/\/cpcervantes.es\/wp-content\/uploads\/2025\/03\/LogosomosRADIANTES.png\" \/>\n\t<meta property=\"og:image:width\" content=\"2000\" \/>\n\t<meta property=\"og:image:height\" content=\"1414\" \/>\n\t<meta property=\"og:image:type\" content=\"image\/png\" \/>\n<meta name=\"twitter:card\" content=\"summary_large_image\" \/>\n<meta name=\"twitter:label1\" content=\"Tiempo de lectura\" \/>\n\t<meta name=\"twitter:data1\" content=\"1 minuto\" \/>\n<script type=\"application\/ld+json\" class=\"yoast-schema-graph\">{\"@context\":\"https:\/\/schema.org\",\"@graph\":[{\"@type\":\"WebPage\",\"@id\":\"https:\/\/cpcervantes.es\/?page_id=1837\",\"url\":\"https:\/\/cpcervantes.es\/?page_id=1837\",\"name\":\"somosRADIANTES - Colegio P\u00fablico MIGUEL de CERVANTES (Gij\u00f3n)\",\"isPartOf\":{\"@id\":\"https:\/\/cpcervantes.es\/#website\"},\"primaryImageOfPage\":{\"@id\":\"https:\/\/cpcervantes.es\/?page_id=1837#primaryimage\"},\"image\":{\"@id\":\"https:\/\/cpcervantes.es\/?page_id=1837#primaryimage\"},\"thumbnailUrl\":\"https:\/\/cpcervantes.es\/wp-content\/uploads\/2025\/03\/LogosomosRADIANTES-1024x724.png\",\"datePublished\":\"2025-03-08T00:55:00+00:00\",\"dateModified\":\"2025-04-02T18:27:32+00:00\",\"breadcrumb\":{\"@id\":\"https:\/\/cpcervantes.es\/?page_id=1837#breadcrumb\"},\"inLanguage\":\"es\",\"potentialAction\":[{\"@type\":\"ReadAction\",\"target\":[\"https:\/\/cpcervantes.es\/?page_id=1837\"]}]},{\"@type\":\"ImageObject\",\"inLanguage\":\"es\",\"@id\":\"https:\/\/cpcervantes.es\/?page_id=1837#primaryimage\",\"url\":\"https:\/\/cpcervantes.es\/wp-content\/uploads\/2025\/03\/LogosomosRADIANTES-1024x724.png\",\"contentUrl\":\"https:\/\/cpcervantes.es\/wp-content\/uploads\/2025\/03\/LogosomosRADIANTES-1024x724.png\"},{\"@type\":\"BreadcrumbList\",\"@id\":\"https:\/\/cpcervantes.es\/?page_id=1837#breadcrumb\",\"itemListElement\":[{\"@type\":\"ListItem\",\"position\":1,\"name\":\"Portada\",\"item\":\"https:\/\/cpcervantes.es\/\"},{\"@type\":\"ListItem\",\"position\":2,\"name\":\"somosRADIANTES\"}]},{\"@type\":\"WebSite\",\"@id\":\"https:\/\/cpcervantes.es\/#website\",\"url\":\"https:\/\/cpcervantes.es\/\",\"name\":\"Colegio P\u00fablico Miguel de Cervantes\",\"description\":\"\",\"publisher\":{\"@id\":\"https:\/\/cpcervantes.es\/#organization\"},\"potentialAction\":[{\"@type\":\"SearchAction\",\"target\":{\"@type\":\"EntryPoint\",\"urlTemplate\":\"https:\/\/cpcervantes.es\/?s={search_term_string}\"},\"query-input\":{\"@type\":\"PropertyValueSpecification\",\"valueRequired\":true,\"valueName\":\"search_term_string\"}}],\"inLanguage\":\"es\"},{\"@type\":\"Organization\",\"@id\":\"https:\/\/cpcervantes.es\/#organization\",\"name\":\"Colegio P\u00fablico Miguel de Cervantes\",\"url\":\"https:\/\/cpcervantes.es\/\",\"logo\":{\"@type\":\"ImageObject\",\"inLanguage\":\"es\",\"@id\":\"https:\/\/cpcervantes.es\/#\/schema\/logo\/image\/\",\"url\":\"https:\/\/cpcervantes.es\/wp-content\/uploads\/2020\/05\/Favicon.jpg\",\"contentUrl\":\"https:\/\/cpcervantes.es\/wp-content\/uploads\/2020\/05\/Favicon.jpg\",\"width\":512,\"height\":512,\"caption\":\"Colegio P\u00fablico Miguel de Cervantes\"},\"image\":{\"@id\":\"https:\/\/cpcervantes.es\/#\/schema\/logo\/image\/\"},\"sameAs\":[\"https:\/\/www.facebook.com\/CPMigueldecervantes\/\",\"https:\/\/www.youtube.com\/channel\/UCpE7C_IYe3SmpagWMMn6PGQ\"]}]}<\/script>\n<!-- \/ Yoast SEO plugin. -->","yoast_head_json":{"title":"somosRADIANTES - Colegio P\u00fablico MIGUEL de CERVANTES (Gij\u00f3n)","robots":{"index":"index","follow":"follow","max-snippet":"max-snippet:-1","max-image-preview":"max-image-preview:large","max-video-preview":"max-video-preview:-1"},"canonical":"https:\/\/cpcervantes.es\/?page_id=1837","og_locale":"es_ES","og_type":"article","og_title":"somosRADIANTES - Colegio P\u00fablico MIGUEL de CERVANTES (Gij\u00f3n)","og_description":"Todos los podcast en nuestro canal de iVoox. Accede a todo el contenido a trav\u00e9s de este Padlet:","og_url":"https:\/\/cpcervantes.es\/?page_id=1837","og_site_name":"Colegio P\u00fablico MIGUEL de CERVANTES (Gij\u00f3n)","article_publisher":"https:\/\/www.facebook.com\/CPMigueldecervantes\/","article_modified_time":"2025-04-02T18:27:32+00:00","og_image":[{"width":2000,"height":1414,"url":"https:\/\/cpcervantes.es\/wp-content\/uploads\/2025\/03\/LogosomosRADIANTES.png","type":"image\/png"}],"twitter_card":"summary_large_image","twitter_misc":{"Tiempo de lectura":"1 minuto"},"schema":{"@context":"https:\/\/schema.org","@graph":[{"@type":"WebPage","@id":"https:\/\/cpcervantes.es\/?page_id=1837","url":"https:\/\/cpcervantes.es\/?page_id=1837","name":"somosRADIANTES - Colegio P\u00fablico MIGUEL de CERVANTES (Gij\u00f3n)","isPartOf":{"@id":"https:\/\/cpcervantes.es\/#website"},"primaryImageOfPage":{"@id":"https:\/\/cpcervantes.es\/?page_id=1837#primaryimage"},"image":{"@id":"https:\/\/cpcervantes.es\/?page_id=1837#primaryimage"},"thumbnailUrl":"https:\/\/cpcervantes.es\/wp-content\/uploads\/2025\/03\/LogosomosRADIANTES-1024x724.png","datePublished":"2025-03-08T00:55:00+00:00","dateModified":"2025-04-02T18:27:32+00:00","breadcrumb":{"@id":"https:\/\/cpcervantes.es\/?page_id=1837#breadcrumb"},"inLanguage":"es","potentialAction":[{"@type":"ReadAction","target":["https:\/\/cpcervantes.es\/?page_id=1837"]}]},{"@type":"ImageObject","inLanguage":"es","@id":"https:\/\/cpcervantes.es\/?page_id=1837#primaryimage","url":"https:\/\/cpcervantes.es\/wp-content\/uploads\/2025\/03\/LogosomosRADIANTES-1024x724.png","contentUrl":"https:\/\/cpcervantes.es\/wp-content\/uploads\/2025\/03\/LogosomosRADIANTES-1024x724.png"},{"@type":"BreadcrumbList","@id":"https:\/\/cpcervantes.es\/?page_id=1837#breadcrumb","itemListElement":[{"@type":"ListItem","position":1,"name":"Portada","item":"https:\/\/cpcervantes.es\/"},{"@type":"ListItem","position":2,"name":"somosRADIANTES"}]},{"@type":"WebSite","@id":"https:\/\/cpcervantes.es\/#website","url":"https:\/\/cpcervantes.es\/","name":"Colegio P\u00fablico Miguel de Cervantes","description":"","publisher":{"@id":"https:\/\/cpcervantes.es\/#organization"},"potentialAction":[{"@type":"SearchAction","target":{"@type":"EntryPoint","urlTemplate":"https:\/\/cpcervantes.es\/?s={search_term_string}"},"query-input":{"@type":"PropertyValueSpecification","valueRequired":true,"valueName":"search_term_string"}}],"inLanguage":"es"},{"@type":"Organization","@id":"https:\/\/cpcervantes.es\/#organization","name":"Colegio P\u00fablico Miguel de Cervantes","url":"https:\/\/cpcervantes.es\/","logo":{"@type":"ImageObject","inLanguage":"es","@id":"https:\/\/cpcervantes.es\/#\/schema\/logo\/image\/","url":"https:\/\/cpcervantes.es\/wp-content\/uploads\/2020\/05\/Favicon.jpg","contentUrl":"https:\/\/cpcervantes.es\/wp-content\/uploads\/2020\/05\/Favicon.jpg","width":512,"height":512,"caption":"Colegio P\u00fablico Miguel de Cervantes"},"image":{"@id":"https:\/\/cpcervantes.es\/#\/schema\/logo\/image\/"},"sameAs":["https:\/\/www.facebook.com\/CPMigueldecervantes\/","https:\/\/www.youtube.com\/channel\/UCpE7C_IYe3SmpagWMMn6PGQ"]}]}},"_links":{"self":[{"href":"https:\/\/cpcervantes.es\/index.php?rest_route=\/wp\/v2\/pages\/1837","targetHints":{"allow":["GET"]}}],"collection":[{"href":"https:\/\/cpcervantes.es\/index.php?rest_route=\/wp\/v2\/pages"}],"about":[{"href":"https:\/\/cpcervantes.es\/index.php?rest_route=\/wp\/v2\/types\/page"}],"author":[{"embeddable":true,"href":"https:\/\/cpcervantes.es\/index.php?rest_route=\/wp\/v2\/users\/2"}],"replies":[{"embeddable":true,"href":"https:\/\/cpcervantes.es\/index.php?rest_route=%2Fwp%2Fv2%2Fcomments&post=1837"}],"version-history":[{"count":3,"href":"https:\/\/cpcervantes.es\/index.php?rest_route=\/wp\/v2\/pages\/1837\/revisions"}],"predecessor-version":[{"id":16639,"href":"https:\/\/cpcervantes.es\/index.php?rest_route=\/wp\/v2\/pages\/1837\/revisions\/16639"}],"wp:attachment":[{"href":"https:\/\/cpcervantes.es\/index.php?rest_route=%2Fwp%2Fv2%2Fmedia&parent=1837"}],"curies":[{"name":"wp","href":"https:\/\/api.w.org\/{rel}","templated":true}]}}